{"id":139,"date":"2022-04-08T06:51:47","date_gmt":"2022-04-08T06:51:47","guid":{"rendered":"https:\/\/kiekrz.info\/?page_id=139"},"modified":"2022-04-26T13:36:48","modified_gmt":"2022-04-26T13:36:48","slug":"skarb","status":"publish","type":"page","link":"https:\/\/www.kiekrz.info\/?page_id=139","title":{"rendered":"Skarb zakopany w ogrodzie&#8230;"},"content":{"rendered":"<p align=\"justify\"><img loading=\"lazy\" decoding=\"async\" class=\"alignleft wp-image-115 size-thumbnail\" src=\"https:\/\/kiekrz.info\/wp-content\/uploads\/2022\/04\/cropped-kiekrz_panorama-scaled-1-150x150.jpg\" alt=\"\" width=\"150\" height=\"150\" srcset=\"https:\/\/www.kiekrz.info\/wp-content\/uploads\/2022\/04\/cropped-kiekrz_panorama-scaled-1-150x150.jpg 150w, https:\/\/www.kiekrz.info\/wp-content\/uploads\/2022\/04\/cropped-kiekrz_panorama-scaled-1-100x100.jpg 100w\" sizes=\"auto, (max-width: 150px) 100vw, 150px\" \/>Nad Kiekrzem g\u00f3ruje ko\u015bci\u00f3\u0142 \u015bw. Micha\u0142a Archanio\u0142a. Jego wysok\u0105 wie\u017c\u0119 wida\u0107 te\u017c z drugiej strony Jeziora Kierskiego, a nawet z drogi S11 z Poznania do Obornik.<\/p>\n<p align=\"justify\">Pierwszy ko\u015bci\u00f3\u0142 w Kiekrzu wybudowano zapewne ju\u017c w XII wieku. Stan\u0105\u0142 na wzniesieniu (93 m. n.p.m.). niedaleko jeziora zwanego w\u00f3wczas Wielkim (dzi\u015b to Kierskie). \u015awi\u0105tynia by\u0142a drewniana. Pierwsza \u017ar\u00f3d\u0142owa wzmianka, m\u00f3wi\u0105ca o plebania Pawle z Kiekrza, pochodzi z 1397 roku. Ko\u015bci\u00f3\u0142 murowany powsta\u0142 pod koniec XVI wieku. W 1591 roku zosta\u0142 konsekrowany. Tak\u017ce by\u0142 niedu\u017cy, si\u0119ga\u0142 do dzisiejszych bocznych o\u0142tarzy. Pod jego posadzk\u0105 chowano w\u0142a\u015bcicieli Kiekrza oraz proboszcz\u00f3w. Obecny ko\u015bci\u00f3\u0142 to zas\u0142uga kolejnej w\u0142a\u015bcicielki wsi \u2013 Marianny Kierskiej z Zakrzewskich. Ona to w latach 1767- 1700 rozbudowa\u0142a \u015bwi\u0105tyni\u0119 do obecnych rozmiar\u00f3w. W 1854 roku run\u0119\u0142a wie\u017ca. Odbudowano j\u0105 9 lat p\u00f3\u017aniej, w 1863 roku.<\/p>\n<p align=\"justify\">Najstarszym zabytkiem ko\u015bcio\u0142a jest chrzcielnica \u2013 pochodzi prawdopodobnie z 1583 roku. Przy ko\u015bciele stoj\u0105 dwa grobowce. Jeden nale\u017ca\u0142 do rodziny Przy\u0142uskich \u2013 w\u0142a\u015bcicieli niedalekiego Strzeszynka. Pochowani s\u0105 w nim rodzice arcybiskupa gnie\u017anie\u0144skiego i pozna\u0144skiego Leona Przy\u0142uskiego, a tak\u017ce serce arcybiskupa. Drugi grobowiec nale\u017ca\u0142 do rodziny Stock- Jesse, w\u0142a\u015bcicieli Wielkiego (s\u0105siedniej wsi).<\/p>\n<p align=\"justify\">Pod koniec XIX wieku na schodach prowadz\u0105cych do ko\u015bcio\u0142a od strony wsi stan\u0119\u0142a figura Chrystusa z tablicami na cokole upami\u0119tniaj\u0105cymi poleg\u0142ych w I wojnie \u015bwiatowej i powstaniu wielkopolskim. Grota Matki Boskiej z Lourdes powsta\u0142a w 1934 roku. Ko\u015bci\u00f3\u0142 nie by\u0142 zniszczony w czasie II wojny \u015bwiatowej, s\u0142u\u017cy\u0142 Niemcom za magazyn. Od 1947 roku odbywaj\u0105 si\u0119 w nim msze.<\/p>\n<p><img loading=\"lazy\" decoding=\"async\" class=\"alignleft wp-image-138 size-thumbnail\" src=\"https:\/\/kiekrz.info\/wp-content\/uploads\/2022\/04\/skarb_ogrod-150x150.jpeg\" alt=\"\" width=\"150\" height=\"150\" srcset=\"https:\/\/www.kiekrz.info\/wp-content\/uploads\/2022\/04\/skarb_ogrod-150x150.jpeg 150w, https:\/\/www.kiekrz.info\/wp-content\/uploads\/2022\/04\/skarb_ogrod-100x100.jpeg 100w\" sizes=\"auto, (max-width: 150px) 100vw, 150px\" \/><\/p>\n<p align=\"justify\">Pocz\u0105tkowo w Kiekrzu mieszka\u0142y rodziny Na\u0142\u0119cz\u00f3w, \u0141odzi\u00f3w oraz Lub\u00f3w. Od XV w. pozosta\u0142a tylko jedna rodzina, kt\u00f3ra z biegiem czasu od nazwy miejscowo\u015bci przyj\u0119li nazwisko Kierskich. Do ich w\u0142o\u015bci nale\u017ca\u0142y pola uprawne, las, jezioro oraz rzeczka zwana w\u00f3wczas Brodem. Kiekrz by\u0142 gniazdem rodziny Kierskich do pocz\u0105tk\u00f3w XVIII wieku. W 1793 roku Kiekrz w wyniku II rozbioru znalaz\u0142 si\u0119 w zaborze pruskim, a po pokoju w Tyl\u017cy w 1807 roku w granicach Ksi\u0119stwa Warszawskiego. Od 1815 roku zn\u00f3w trafi\u0142 pod panowaniem kr\u00f3la pruskiego jako cz\u0119\u015b\u0107 Wielkiego Ksi\u0119stwa Pozna\u0144skiego. W drugiej po\u0142owie XIX w. Niemiecka Komisja Kolonizacyjna przydzieli\u0142a Kiekrz Niemcowi o nazwisku Inflaht. Na kr\u00f3tko maj\u0105tek staje si\u0119 w\u0142asno\u015bci\u0105 majora Endella. To za jego czas\u00f3w, w 1890 roku, <strong>znaleziono w Kiekrzu skarb<\/strong>.<\/p>\n<blockquote>\n<p align=\"justify\">&#8222;By\u0142y to 274 srebrne monety, m.in. talary, p\u00f3\u0142talary, kwartalniki, orty, trojaki i sze\u015bciogrosz\u00f3wki. Najstarsz\u0105 by\u0142a moneta z 1615 wybita przez Zygmunta III Waz\u0119, a najm\u0142odsz\u0105 wybita w Toruniu w 1654 przez Jana Kazimierza. Skarb wykopali dwaj ogrodnicy. Le\u017ca\u0142 w ziemi prawdopodobnie od czas\u00f3w potopy szwedzkiego. Ogrodnicy ukryli znalezisko, ale nijak nie mogli doj\u015b\u0107 do porozumienia w jego podziale. Sprawy nie da\u0142o si\u0119 ukry\u0107 i Endell odzyska\u0142 skarb, a obaj ogrodnicy po rozprawie s\u0105dowej zostali ukarani.&#8221;<\/p>\n<\/blockquote>\n<p align=\"justify\">W 1910 roku maj\u0105tek zostaje rozparcelowany \u2013 w\u0142a\u015bcicielem zabudowa\u0144 dworskich zostaje Niemiec, Hoffman. Po I wojnie \u015bwiatowej Hoffman sprzedaje maj\u0105tek genera\u0142owi Aleksandrowi Boruszczakowi, a gdy Polska Komisja Osadnictwa odm\u00f3wi\u0142a mu przyw\u0142aszczenia, maj\u0105tek sprzedano staro\u015bcie Zio\u0142eckiemu. kt\u00f3ry ju\u017c w 1923 roku odsprzedaje go naczelnikowi PKP w Poznaniu, dr Zygmuntowi Kami\u0144skiemu. Ostatnim prywatnym w\u0142a\u015bcicielem Kiekrza by\u0142 W\u0142adys\u0142aw Ciechanowski. Kiedy W\u0142adys\u0142aw Ciechanowski umiera w 1928 roku umiera na zawa\u0142, rodzina sprzedaje maj\u0105tek pozna\u0144skiej Kasie Chorych. W Kiekrzu zaczyna si\u0119 era \u201esanatoryjna\u201d.<\/p>\n<p align=\"justify\">Za: proszewycieczki.wordpress.com \/ E. Nawrot (2000)<\/p>\n","protected":false},"excerpt":{"rendered":"<p>Nad Kiekrzem g\u00f3ruje ko\u015bci\u00f3\u0142 \u015bw. Micha\u0142a Archanio\u0142a. Jego wysok\u0105 wie\u017c\u0119 wida\u0107 te\u017c z drugiej strony Jeziora Kierskiego, a nawet z drogi S11 z Poznania do Obornik. Pierwszy ko\u015bci\u00f3\u0142 w Kiekrzu wybudowano zapewne ju\u017c w XII wieku. Stan\u0105\u0142 na wzniesieniu (93 m. n.p.m.). niedaleko jeziora zwanego w\u00f3wczas Wielkim (dzi\u015b to Kierskie). \u015awi\u0105tynia by\u0142a drewniana. Pierwsza \u017ar\u00f3d\u0142owa &hellip; <\/p>\n<p class=\"link-more\"><a href=\"https:\/\/www.kiekrz.info\/?page_id=139\" class=\"more-link\">Czytaj dalej<span class=\"screen-reader-text\"> \u201eSkarb zakopany w ogrodzie&#8230;\u201d<\/span><\/a><\/p>\n","protected":false},"author":1,"featured_media":0,"parent":0,"menu_order":0,"comment_status":"closed","ping_status":"closed","template":"","meta":{"footnotes":""},"class_list":["post-139","page","type-page","status-publish","hentry"],"_links":{"self":[{"href":"https:\/\/www.kiekrz.info\/index.php?rest_route=\/wp\/v2\/pages\/139","targetHints":{"allow":["GET"]}}],"collection":[{"href":"https:\/\/www.kiekrz.info\/index.php?rest_route=\/wp\/v2\/pages"}],"about":[{"href":"https:\/\/www.kiekrz.info\/index.php?rest_route=\/wp\/v2\/types\/page"}],"author":[{"embeddable":true,"href":"https:\/\/www.kiekrz.info\/index.php?rest_route=\/wp\/v2\/users\/1"}],"replies":[{"embeddable":true,"href":"https:\/\/www.kiekrz.info\/index.php?rest_route=%2Fwp%2Fv2%2Fcomments&post=139"}],"version-history":[{"count":17,"href":"https:\/\/www.kiekrz.info\/index.php?rest_route=\/wp\/v2\/pages\/139\/revisions"}],"predecessor-version":[{"id":389,"href":"https:\/\/www.kiekrz.info\/index.php?rest_route=\/wp\/v2\/pages\/139\/revisions\/389"}],"wp:attachment":[{"href":"https:\/\/www.kiekrz.info\/index.php?rest_route=%2Fwp%2Fv2%2Fmedia&parent=139"}],"curies":[{"name":"wp","href":"https:\/\/api.w.org\/{rel}","templated":true}]}}