{"id":172,"date":"2022-04-08T08:37:42","date_gmt":"2022-04-08T08:37:42","guid":{"rendered":"https:\/\/kiekrz.info\/?page_id=172"},"modified":"2022-04-08T09:07:24","modified_gmt":"2022-04-08T09:07:24","slug":"nowy-park","status":"publish","type":"page","link":"https:\/\/www.kiekrz.info\/?page_id=172","title":{"rendered":"Nowy Park"},"content":{"rendered":"<p align=\"justify\"><img loading=\"lazy\" decoding=\"async\" class=\"alignleft wp-image-176 size-thumbnail\" src=\"https:\/\/kiekrz.info\/wp-content\/uploads\/2022\/04\/mapka_nowego_parku-150x150.jpg\" alt=\"\" width=\"150\" height=\"150\" srcset=\"https:\/\/www.kiekrz.info\/wp-content\/uploads\/2022\/04\/mapka_nowego_parku-150x150.jpg 150w, https:\/\/www.kiekrz.info\/wp-content\/uploads\/2022\/04\/mapka_nowego_parku-100x100.jpg 100w\" sizes=\"auto, (max-width: 150px) 100vw, 150px\" \/>Jak to cz\u0119sto bywa, sukces ma wielu ojc\u00f3w. Mo\u017ce warto wi\u0119c dla potomnych opisa\u0107 histori\u0119 powstania naszego parku. Pomys\u0142 powstania parku edukacji ekologicznej w jego obecnej lokalizacji narodzi\u0142 si\u0119 w g\u0142owie ni\u017cej podpisanego z chwil\u0105, kiedy pojawi\u0142y si\u0119 zakusy, aby ten teren zurbanizowa\u0107. By\u0142y to lata 2005-2006. Tak si\u0119 z\u0142o\u017cy\u0142o, \u017ce nied\u0142ugo p\u00f3\u017aniej zosta\u0142 wywo\u0142any miejscowy plan zagospodarowania przestrzennego. Miejska Pracownia Urbanistyczna podj\u0119\u0142a si\u0119 opracowania jak\u017ce wa\u017cnego nie tylko dla mieszka\u0144c\u00f3w dokumentu. Od 2008 roku wsp\u00f3lnie ze \u015bp. Mironem Kolasi\u0144skim uczestniczyli\u015bmy w spotkaniach w MPU. W trakcie prac oraz podczas kilku konsultacji spo\u0142ecznych, wy\u0142ania\u0142 si\u0119 zarys planu, w tym dla obszaru mi\u0119dzy ulicami Wilk\u00f3w Morskich i ks. Edwarda Nawrota, okalaj\u0105cego obecny r\u00f3w melioracyjny SK47, a tak naprawd\u0119 strumie\u0144, kt\u00f3ry ma swoje \u017ar\u00f3d\u0142o niedaleko ul. Pozna\u0144skiej w kierunku Starzyn. Ba, zamarzy\u0142o mi si\u0119 nawet, by powsta\u0142 w tym miejscu kompleks parkowo-rekreacyjny.<\/p>\n<p align=\"justify\"><img loading=\"lazy\" decoding=\"async\" class=\"alignleft wp-image-178 size-thumbnail\" src=\"https:\/\/kiekrz.info\/wp-content\/uploads\/2022\/04\/mostek_nowy_park-150x150.jpg\" alt=\"\" width=\"150\" height=\"150\" srcset=\"https:\/\/www.kiekrz.info\/wp-content\/uploads\/2022\/04\/mostek_nowy_park-150x150.jpg 150w, https:\/\/www.kiekrz.info\/wp-content\/uploads\/2022\/04\/mostek_nowy_park-100x100.jpg 100w\" sizes=\"auto, (max-width: 150px) 100vw, 150px\" \/>Kompleks sk\u0142adaj\u0105cy si\u0119 z dw\u00f3ch cz\u0119\u015bci, tj. parkowej \u2013 obejmuj\u0105cy obecne granice budowanego parku i rekreacyjny \u2013 z k\u0105pieliskiem i zapleczem gastronomicznym nadzia\u0142ce zajmowanej obecnie przez WOPR. Uzyska\u0142em akceptacj\u0119 i poparcie i Rady Osiedla, i Stowarzyszenia Pro-Eko-Vitae, i Pana Wies\u0142awa Michalaka (nasadzenia zast\u0119pcze), a tak\u017ce Instytutu In\u017cynierii Biosystem\u00f3w Uniwersytetu Przyrodniczego w Poznaniu. Jeszcze przed uchwaleniem MPZP przez Rad\u0119 Miasta, Rada Osiedla wyst\u0105pi\u0142a o przej\u0119cie w zarz\u0105d wspomnianego wy\u017cej terenu w\u0142a\u015bnie pod park. Ko\u0144cowe zapisy MPZP przeznacza\u0142y bowiem wspomniane dzia\u0142ki pod tereny zieleni i w\u00f3d w klinie zieleni, w kt\u00f3rym ustala si\u0119 ochron\u0119 walor\u00f3w krajobrazowych \u0142\u0105k, zieleni naturalnej i w\u00f3d, dopuszczaj\u0105c lokalizacj\u0119 ci\u0105g\u00f3w pieszych i rowerowych, urz\u0105dze\u0144 wodnych, turystycznych, obiekt\u00f3w ma\u0142ej architektury i element\u00f3w Systemu Informacji Miejskiej. Plan zosta\u0142 zatwierdzony uchwa\u0142\u0105 nr XLVI\/698\/VI\/2013 Rady Miasta z dnia 26 lutego 2013r. Wydzia\u0142 Gospodarki Nieruchomo\u015bciami zdecydowa\u0142 o przekazaniu terenu w zarz\u0105d Zarz\u0105dowi Zieleni Miejskiej. Ale to dopiero pocz\u0105tek stara\u0144 o park. W 2014 z\u0142o\u017cyli\u015bmy, jako cz\u0142onkowie stowarzyszenia Pro-Eko Vitae, po raz pierwszy wniosek do Pozna\u0144skiego Bud\u017cetu Obywatelskiego 2015, maluj\u0105c w nim swoj\u0105 wizj\u0119 kompleksu parkowo-rekreacyjnego na kwot\u0119 nieco powy\u017cej 2 mln. z\u0142. Projekt w tym kszta\u0142cie nie uzyska\u0142 jednak spo\u0142ecznej aprobaty. Spowodowali\u015bmy jednak zainteresowanie zar\u00f3wno mieszka\u0144c\u00f3w, jak i kierownictwa ZZM. Lokomotywa ruszy\u0142a. Powoli zacz\u0105\u0142 wy\u0142ania\u0107 si\u0119 projekt parku. W pewnym jednak momencie omal nie dosz\u0142o do zniweczenia naszych stara\u0144. Okaza\u0142o si\u0119 bowiem, \u017ce Zarz\u0105d Dr\u00f3g Miejskich zleci\u0142 opracowanie w tym miejscu projektu zbiornika retencyjnego na wody opadowe, nikogo z zainteresowanych o tym fakcie nie informuj\u0105c. Dosz\u0142o nawet do tego, \u017ce z\u0142o\u017cy\u0142em skarg\u0119 na ZDM za doprowadzenie zmarnotrawienia wydatkowanych miejskich \u015brodk\u00f3w. Te perturbacje kosztowa\u0142y sporo nerw\u00f3w. W wyniku korekt planistycznych i naszej determinacji, prace wr\u00f3ci\u0142y do normalnego trybu. Firma projektowa przy wsp\u00f3\u0142udziale Rady Osiedla opracowywa\u0142a projekt parku. W mi\u0119dzyczasie uzyskano dofinansowanie na nasadzenia w parku. Troch\u0119 to pokomplikowa\u0142o terminarz projektu i kolejno\u015b\u0107 prac, ale spowodowa\u0142o w zamian szersze zainteresowanie m\u0142odzie\u017cy tym, co si\u0119 za szkolnym p\u0142otem dzieje. W 2015 roku mieli\u015bmy ju\u017c zatwierdzony projekt i mo\u017cna by\u0142o przyst\u0105pi\u0107 do prac ziemnych, no i pozyskiwa\u0107 fundusze. W 2016 r. powsta\u0142a pierwsza \u015bcie\u017cka parkowa z mostkiem. Niestety \u2013 jak si\u0119 p\u00f3\u017aniej okaza\u0142o \u2013 projekt nie uwzgl\u0119dnia\u0142 do\u015b\u0107 sporego, bowiem rozpoczynaj\u0105cego si\u0119 od parkingu ko\u015bcielnego, spadku terenu. Efekt \u2013 po ulewach cz\u0119\u015b\u0107 \u015bcie\u017cki nadawa\u0142a si\u0119 do naprawy (zmiana nawierzchni w 2018 r.). W 2016 r., jako Przewodnicz\u0105cy Zarz\u0105du Osiedla, wyst\u0105pi\u0142em z wnioskiem konkursowym na budow\u0119 si\u0142owni zewn\u0119trznej wraz z uk\u0142adem komunikacyjnym za kwot\u0119 prawie 200 tys. z\u0142. Tym razem uda\u0142o si\u0119 i w 2017 r. si\u0142ownia powsta\u0142a.<\/p>\n<p align=\"justify\">W tym samym roku powsta\u0142a jeszcze jedna \u015bcie\u017cka (od ul. Wilk\u00f3w Morskich, kt\u00f3ra ma by\u0107 po\u0142\u0105czona ze \u015bcie\u017ck\u0105 biegn\u0105c\u0105 do si\u0142owni) oraz utwardzony teren rekreacyjny, na kt\u00f3rym w bie\u017c\u0105cym roku maj\u0105 pojawi\u0107 si\u0119 \u0142awki i d\u0142ugo wyczekiwane kosze. Na prace w parku w roku 2018 Rada Osiedla przeznaczy\u0142a 130 tys. z\u0142. W planach znajduj\u0105 si\u0119 r\u00f3wnie\u017c tablice informacyjne, na kt\u00f3rych \u2013 tak\u0105 mam cich\u0105 nadziej\u0119 \u2013 wyczytamy opracowane przez szkoln\u0105 m\u0142odzie\u017c informacje o faunie i florze tego miejsca. W ko\u0144cu to park edukacji ekologicznej. Park zaczyna nabiera\u0107 rumie\u0144c\u00f3w. Coraz wi\u0119cej spaceruj\u0105cych, coraz wi\u0119ksze zainteresowanie. Pojawiaj\u0105 si\u0119 prywatne inicjatywy nasadze\u0144, w planach fundowane \u0142awki i d\u0105b harcerzy, g\u0142azy pami\u0105tkowe i zegar s\u0142oneczny. To cieszy i daje satysfakcj\u0119, \u017ce z tym parkiem to nie by\u0142 wcale taki g\u0142upi pomys\u0142.<\/p>\n\n\n<p>A. Fiszer (poznan.pl)<\/p>\n","protected":false},"excerpt":{"rendered":"<p>Jak to cz\u0119sto bywa, sukces ma wielu ojc\u00f3w. Mo\u017ce warto wi\u0119c dla potomnych opisa\u0107 histori\u0119 powstania naszego parku. Pomys\u0142 powstania parku edukacji ekologicznej w jego obecnej lokalizacji narodzi\u0142 si\u0119 w g\u0142owie ni\u017cej podpisanego z chwil\u0105, kiedy pojawi\u0142y si\u0119 zakusy, aby ten teren zurbanizowa\u0107. By\u0142y to lata 2005-2006. Tak si\u0119 z\u0142o\u017cy\u0142o, \u017ce nied\u0142ugo p\u00f3\u017aniej zosta\u0142 wywo\u0142any &hellip; <\/p>\n<p class=\"link-more\"><a href=\"https:\/\/www.kiekrz.info\/?page_id=172\" class=\"more-link\">Czytaj dalej<span class=\"screen-reader-text\"> \u201eNowy Park\u201d<\/span><\/a><\/p>\n","protected":false},"author":1,"featured_media":0,"parent":0,"menu_order":0,"comment_status":"closed","ping_status":"closed","template":"","meta":{"footnotes":""},"class_list":["post-172","page","type-page","status-publish","hentry"],"_links":{"self":[{"href":"https:\/\/www.kiekrz.info\/index.php?rest_route=\/wp\/v2\/pages\/172","targetHints":{"allow":["GET"]}}],"collection":[{"href":"https:\/\/www.kiekrz.info\/index.php?rest_route=\/wp\/v2\/pages"}],"about":[{"href":"https:\/\/www.kiekrz.info\/index.php?rest_route=\/wp\/v2\/types\/page"}],"author":[{"embeddable":true,"href":"https:\/\/www.kiekrz.info\/index.php?rest_route=\/wp\/v2\/users\/1"}],"replies":[{"embeddable":true,"href":"https:\/\/www.kiekrz.info\/index.php?rest_route=%2Fwp%2Fv2%2Fcomments&post=172"}],"version-history":[{"count":5,"href":"https:\/\/www.kiekrz.info\/index.php?rest_route=\/wp\/v2\/pages\/172\/revisions"}],"predecessor-version":[{"id":181,"href":"https:\/\/www.kiekrz.info\/index.php?rest_route=\/wp\/v2\/pages\/172\/revisions\/181"}],"wp:attachment":[{"href":"https:\/\/www.kiekrz.info\/index.php?rest_route=%2Fwp%2Fv2%2Fmedia&parent=172"}],"curies":[{"name":"wp","href":"https:\/\/api.w.org\/{rel}","templated":true}]}}