{"id":184,"date":"2022-04-08T10:40:01","date_gmt":"2022-04-08T10:40:01","guid":{"rendered":"https:\/\/www.kiekrz.info\/?page_id=184"},"modified":"2022-04-08T11:14:31","modified_gmt":"2022-04-08T11:14:31","slug":"sponsorzy-szkolacelu-pl","status":"publish","type":"page","link":"https:\/\/www.kiekrz.info\/?page_id=184","title":{"rendered":"Nasz sponsor g\u0142\u00f3wny &#8211; SZKOLACELU.PL"},"content":{"rendered":"<p align=\"justify\"><img loading=\"lazy\" decoding=\"async\" class=\"size-medium wp-image-188 aligncenter\" src=\"https:\/\/www.kiekrz.info\/wp-content\/uploads\/2022\/04\/sponsor_szkolacelu-300x145.jpg\" alt=\"\" width=\"300\" height=\"145\" srcset=\"https:\/\/www.kiekrz.info\/wp-content\/uploads\/2022\/04\/sponsor_szkolacelu-300x145.jpg 300w, https:\/\/www.kiekrz.info\/wp-content\/uploads\/2022\/04\/sponsor_szkolacelu-768x372.jpg 768w, https:\/\/www.kiekrz.info\/wp-content\/uploads\/2022\/04\/sponsor_szkolacelu.jpg 819w\" sizes=\"auto, (max-width: 300px) 100vw, 300px\" \/><\/p>\n<p align=\"justify\">Jeste\u015bmy otwarci dla szerokiego grona przyjaci\u00f3\u0142 strzelectwa. Nasze pakiety treningowe i szkoleniowe s\u0105 tak zaprojektowane aby dos\u0142ownie ka\u017cdy m\u00f3g\u0142 odkry\u0107 i spr\u00f3bowa\u0107 strzelectwa.<\/p>\n\n<p align=\"justify\">Od zawsze wsp\u00f3\u0142pracujemy ze Sportowym Klubem Strzeleckim \u201eDw\u00f3r Grunwaldzki\u201d. To tutaj rozpoczynali\u015bmy i kontynuowali\u015bmy swoj\u0105 przygod\u0119 zestrzelectwem i sportem strzeleckim. Aktywnie uczestniczymy w \u017cyciu i rozwoju SKS. Wsp\u00f3\u0142praca z Dworem Grunwaldzkim pozwala nam Was przygotowa\u0107 do patentu strzeleckiego, kt\u00f3ry z kolei jest sk\u0142adow\u0105 potrzebn\u0105 do uzyskania pozwolenia do posiadania broni.<\/p>\n\n<p align=\"justify\">Cz\u0142onkostwo w klubie niesie z sob\u0105 wiele korzy\u015bci, takich jak m.in. nieodp\u0142atny dost\u0119p do osi strzeleckich, dost\u0119p do klubowego arsena\u0142u, w kt\u00f3rym znajduje si\u0119 wiele modeli pistolet\u00f3w, karabin\u00f3w i strzelb g\u0142adkolufowych. Ponadto b\u0119d\u0105c cz\u0142onkiem Klubu masz wi\u0119ksze mo\u017cliwo\u015bci aby \u201ezarazi\u0107\u201d strzelectwem Twoich znajomych, przyjaci\u00f3\u0142. \ud83d\ude42<\/p>\n\n\n<p><\/p>\n","protected":false},"excerpt":{"rendered":"<p>Jeste\u015bmy otwarci dla szerokiego grona przyjaci\u00f3\u0142 strzelectwa. Nasze pakiety treningowe i szkoleniowe s\u0105 tak zaprojektowane aby dos\u0142ownie ka\u017cdy m\u00f3g\u0142 odkry\u0107 i spr\u00f3bowa\u0107 strzelectwa. Od zawsze wsp\u00f3\u0142pracujemy ze Sportowym Klubem Strzeleckim \u201eDw\u00f3r Grunwaldzki\u201d. To tutaj rozpoczynali\u015bmy i kontynuowali\u015bmy swoj\u0105 przygod\u0119 zestrzelectwem i sportem strzeleckim. Aktywnie uczestniczymy w \u017cyciu i rozwoju SKS. Wsp\u00f3\u0142praca z Dworem Grunwaldzkim pozwala &hellip; <\/p>\n<p class=\"link-more\"><a href=\"https:\/\/www.kiekrz.info\/?page_id=184\" class=\"more-link\">Czytaj dalej<span class=\"screen-reader-text\"> \u201eNasz sponsor g\u0142\u00f3wny &#8211; SZKOLACELU.PL\u201d<\/span><\/a><\/p>\n","protected":false},"author":1,"featured_media":0,"parent":0,"menu_order":0,"comment_status":"closed","ping_status":"closed","template":"","meta":{"footnotes":""},"class_list":["post-184","page","type-page","status-publish","hentry"],"_links":{"self":[{"href":"https:\/\/www.kiekrz.info\/index.php?rest_route=\/wp\/v2\/pages\/184","targetHints":{"allow":["GET"]}}],"collection":[{"href":"https:\/\/www.kiekrz.info\/index.php?rest_route=\/wp\/v2\/pages"}],"about":[{"href":"https:\/\/www.kiekrz.info\/index.php?rest_route=\/wp\/v2\/types\/page"}],"author":[{"embeddable":true,"href":"https:\/\/www.kiekrz.info\/index.php?rest_route=\/wp\/v2\/users\/1"}],"replies":[{"embeddable":true,"href":"https:\/\/www.kiekrz.info\/index.php?rest_route=%2Fwp%2Fv2%2Fcomments&post=184"}],"version-history":[{"count":4,"href":"https:\/\/www.kiekrz.info\/index.php?rest_route=\/wp\/v2\/pages\/184\/revisions"}],"predecessor-version":[{"id":193,"href":"https:\/\/www.kiekrz.info\/index.php?rest_route=\/wp\/v2\/pages\/184\/revisions\/193"}],"wp:attachment":[{"href":"https:\/\/www.kiekrz.info\/index.php?rest_route=%2Fwp%2Fv2%2Fmedia&parent=184"}],"curies":[{"name":"wp","href":"https:\/\/api.w.org\/{rel}","templated":true}]}}