{"id":277,"date":"2022-04-22T09:18:19","date_gmt":"2022-04-22T09:18:19","guid":{"rendered":"https:\/\/www.kiekrz.info\/?page_id=277"},"modified":"2022-04-22T10:27:19","modified_gmt":"2022-04-22T10:27:19","slug":"1-dlaczego-kiekrz","status":"publish","type":"page","link":"https:\/\/www.kiekrz.info\/?page_id=277","title":{"rendered":"1. Po\u0142o\u017cenie"},"content":{"rendered":"<p align=\"justify\">Kiekrz, oddalony o 12 km od Poznania w kierunku p\u00f3\u0142nocno-zachodnim, jego najbli\u017csza okolica po\u0142o\u017cona jest wok\u00f3\u0142 trzech jezior: Wielkiego Jeziora Kierskiego, Ma\u0142ego Jeziora Kierskiego oraz Jeziora Strzeszy\u0144skiego. Doliny tych jezior zosta\u0142y ukszta\u0142towane przez wody topniej\u0105cego l\u0105dolodu, kt\u00f3ry go\u015bci\u0142 na tym obszarze dziesi\u0105tki tysi\u0119cy lat temu. Z przedmiotowym okresem czasu wi\u0105\u017ce si\u0119 r\u00f3wnie\u017c ukszta\u0142towanie (pag\u00f3rkowe) rejonu Kiekrza. Najwy\u017cszym &#8222;szczytem&#8221;, kt\u00f3ry powsta\u0142 w trakcie ww. proces\u00f3w jest G\u00f3ra Moraska (154 m n.p.m.), oddalona od Wielkiego Jeziora Kierskiego o ok. 7 km. G\u00f3ra Moraska to wzg\u00f3rze morenowe, efekt topnienia bardzo grubej warstwy l\u0105dolodu (lodowca), kt\u00f3ry ze Skandynawii przetransportowa\u0142 ze sob\u0105 piasek, \u017cwir, glin\u0119. Z okresem tym wi\u0105\u017c\u0105 si\u0119 pocz\u0105tki ww. jezior, w tym Wielkiego Jeziora Kierskiego, kt\u00f3re w pierwszej po\u0142owie XVIII w. nazwano Jeziorem Po\u015bwi\u0119tnym.<\/p>\n\n<p align=\"justify\">Wielkie Jezioro Kierskie ma kszta\u0142t wyd\u0142u\u017conego tr\u00f3jk\u0105ta prostok\u0105tnego. By\u0142o ono d\u0142ugie i miejscami bardzo g\u0142\u0119bokie (takie te\u017c pozosta\u0142o). Jeszcze na pocz\u0105tku lat pi\u0119\u0107dziesi\u0105tych ubieg\u0142ego wieku jego d\u0142ugo\u015b\u0107 wynosi\u0142a 4,8 km, a najwi\u0119ksza g\u0142\u0119boko\u015b\u0107 wynosi\u0142a 35 m, \u015brednia 11 m. Najwi\u0119ksza szeroko\u015b\u0107 wynosi\u0142a 2,1 km, przeci\u0119tna szeroko\u015b\u0107 0,63 km, natomiast zwierciad\u0142o wody wyst\u0119powa\u0142o na rz\u0119dnej 71.90 m n.p.m. W po\u0142owie lat siedemdziesi\u0105tych najni\u017cszy poziom tego zwierciad\u0142a osi\u0105gn\u0105\u0142 71,79 m n.p.m., \u015bredni 72,12 m n.p.m., najwy\u017cszy 72,47 m n.p.m. D\u0142ugo\u015b\u0107 jeziora dochodzi\u0142a do 4,47 km, szeroko\u015b\u0107 1,06 km. Maksymaln\u0105 g\u0142\u0119boko\u015b\u0107 okre\u015blano na 37,6 m, \u015brednia 10,1 m. Z przedstawionych powy\u017cej bada\u0144 wynika, i\u017c Wielkie Jezioro Kierskie ustawicznie maleje; staje si\u0119 kr\u00f3tsze i znacznie w\u0119\u017csze. Przedmiotowe wi\u0105\u017ce si\u0119 z wyst\u0119powaniem naturalnych proces\u00f3w &#8211; zarastanie. Natomiast zmiana g\u0142\u0119boko\u015bci zwi\u0105zana jest zapewne ze stosowaniem dok\u0142adniejszych metod pomiaru. W 1360 r. na jego po\u0142udniowo-zachodnim kra\u0144cu (stare Baranowo) istnia\u0142 ostr\u00f3w, czyli wyspa rzeczna, po kt\u00f3rej nie ma dzi\u015b \u015bladu. Mo\u017ce jest to obecnie kt\u00f3ry\u015b z &#8222;p\u00f3\u0142wysp\u00f3w&#8221;. Obecnie jezioro to zajmuje obszar 285,5 ha oraz 12,65 km linii brzegowej.<\/p>\n\n<p align=\"justify\">Wody tego jeziora s\u0105 zasilane nie tylko rzek\u0105 Samic\u0105, ale r\u00f3wnie\u017c rzeczk\u0105 Krzy\u017cank\u0105, Kana\u0142em Swadzimskim oraz dop\u0142ywami w Kiekrzu i w Chybach &#8211; cieki nienazwane nazywane cz\u0119sto &#8222;rowami melioracyjnymi&#8221;. Jeden z ciek\u00f3w posiadaj\u0105cych \u017ar\u00f3dlisko w Kiekrzu przep\u0142ywa m.in. wzd\u0142u\u017c ul. Podjadowej. Jest to ciek uregulowany, zwi\u0105zany z melioracj\u0105 teren\u00f3w podmok\u0142ych \/ \u0142\u0105kowych w ostrogach ul. Podjazdowej, Chojnickiej i Wilk\u00f3w Morskich. Ciek w postaci rowu prowadzi wody przez Nowy Park &#8222;Park Ekologiczny&#8221; znajduj\u0105cy si\u0119 pomi\u0119dzy ul. Wilk\u00f3w Morskich i ks. Nawrota. Uchodzi do omawianego jeziora na wysoko\u015bci teren\u00f3w u\u017cytkowanych obecnie przez WOPR.<\/p>\n\n<p align=\"justify\">Jest to jezioro przep\u0142ywowe, znajduj\u0105ce si\u0119 w dorzeczu Samicy, zwanej te\u017c Samic\u0105 Kiersk\u0105, kt\u00f3ra w okolicy Obornik wpada do Warty. Samica wpada do p\u00f3\u0142nocno-zachodniej &#8222;zatoki&#8221; akwenu jeziornego, kt\u00f3r\u0105 nazywano &#8222;Zagonem&#8221;, a wyp\u0142ywa z &#8222;zatoki&#8221; p\u00f3\u0142nocno-wschodniej. Na przedmiotowym odcinku dno delikatnie opada w kierunku centralnej cz\u0119\u015bci zbiornika i jest piaszczyste. Wschodnia strona jeziora posiada wyra\u017an\u0105 granic\u0119 morenow\u0105, gdzie wysoko\u015bci wzgl\u0119dne dochodz\u0105 do 89,9 m n.p.m., na p\u00f3\u0142nocnej stronie 92,0 m n.p.m., a na zachodniej do 88,0 m n.p.m. Na zachodnich brzegach znajduje si\u0119 miejscowo\u015b\u0107 Chyby, kt\u00f3r\u0105 w zachodnich cz\u0119\u015bciach charakteryzuje wyst\u0119powanie pag\u00f3rk\u00f3w morenowych, kt\u00f3re s\u0105 cz\u0119\u015bci\u0105 marginaln\u0105 Wzg\u00f3rz Owi\u0144sko-Kierskich. W s\u0105siedztwie po\u0142udniowych granic jeziora, kt\u00f3re s\u0105 silnie podmok\u0142e i zabagnione, znajduje si\u0119 najwy\u017csze wzniesienie, wynosz\u0105ce 101,9 m n.p.m. Wszystkie brzegi jeziora stanowi\u0105 naturalne siedlisko flory i fauny. Trzcina wyst\u0119puje bogato w rejonie po\u0142udniowej, p\u00f3\u0142nocno-zachodniej i p\u00f3\u0142nocno-wschodniej cz\u0119\u015bci jeziora (r\u00f3wnie\u017c silnie podmok\u0142ej i zabagnionej). Od samych pocz\u0105tk\u00f3w jezioro to znane jest z rybo\u0142\u00f3wstwa (co potwierdzono w 1721 r.), a dzi\u015b tak\u017ce z wielkich walor\u00f3w mikroklimatu.<\/p>\n\n<p align=\"justify\">Wielkie Jezioro Kierskie jest dzi\u015b najwi\u0119kszym w granicach Poznania i jest jednym z najpopularniejszych. Jego wschodnie brzegi w czasach okupacji zosta\u0142y zalesione. Z pozosta\u0142ych stron brzegi s\u0105 bezle\u015bne. Walory jeziora pozwalaj\u0105 na uprawianie \u017ceglarstwa, wioslarstwa, kajakarstwa. Ostatnie jest silnie ograniczane przez wielko\u015b\u0107 akwenu i wyst\u0119powanie wi\u0119kszego falowania. W okresie zimowym dominuj\u0105cym sportem s\u0105 bojery.<\/p>\n\n\n<p>Za: E. Nawrot 2000, red. W. Peisert<\/p>\n","protected":false},"excerpt":{"rendered":"<p>Kiekrz, oddalony o 12 km od Poznania w kierunku p\u00f3\u0142nocno-zachodnim, jego najbli\u017csza okolica po\u0142o\u017cona jest wok\u00f3\u0142 trzech jezior: Wielkiego Jeziora Kierskiego, Ma\u0142ego Jeziora Kierskiego oraz Jeziora Strzeszy\u0144skiego. Doliny tych jezior zosta\u0142y ukszta\u0142towane przez wody topniej\u0105cego l\u0105dolodu, kt\u00f3ry go\u015bci\u0142 na tym obszarze dziesi\u0105tki tysi\u0119cy lat temu. Z przedmiotowym okresem czasu wi\u0105\u017ce si\u0119 r\u00f3wnie\u017c ukszta\u0142towanie (pag\u00f3rkowe) rejonu &hellip; <\/p>\n<p class=\"link-more\"><a href=\"https:\/\/www.kiekrz.info\/?page_id=277\" class=\"more-link\">Czytaj dalej<span class=\"screen-reader-text\"> \u201e1. Po\u0142o\u017cenie\u201d<\/span><\/a><\/p>\n","protected":false},"author":1,"featured_media":0,"parent":0,"menu_order":0,"comment_status":"closed","ping_status":"closed","template":"","meta":{"footnotes":""},"class_list":["post-277","page","type-page","status-publish","hentry"],"_links":{"self":[{"href":"https:\/\/www.kiekrz.info\/index.php?rest_route=\/wp\/v2\/pages\/277","targetHints":{"allow":["GET"]}}],"collection":[{"href":"https:\/\/www.kiekrz.info\/index.php?rest_route=\/wp\/v2\/pages"}],"about":[{"href":"https:\/\/www.kiekrz.info\/index.php?rest_route=\/wp\/v2\/types\/page"}],"author":[{"embeddable":true,"href":"https:\/\/www.kiekrz.info\/index.php?rest_route=\/wp\/v2\/users\/1"}],"replies":[{"embeddable":true,"href":"https:\/\/www.kiekrz.info\/index.php?rest_route=%2Fwp%2Fv2%2Fcomments&post=277"}],"version-history":[{"count":14,"href":"https:\/\/www.kiekrz.info\/index.php?rest_route=\/wp\/v2\/pages\/277\/revisions"}],"predecessor-version":[{"id":420,"href":"https:\/\/www.kiekrz.info\/index.php?rest_route=\/wp\/v2\/pages\/277\/revisions\/420"}],"wp:attachment":[{"href":"https:\/\/www.kiekrz.info\/index.php?rest_route=%2Fwp%2Fv2%2Fmedia&parent=277"}],"curies":[{"name":"wp","href":"https:\/\/api.w.org\/{rel}","templated":true}]}}