{"id":295,"date":"2022-04-22T10:36:27","date_gmt":"2022-04-22T10:36:27","guid":{"rendered":"https:\/\/www.kiekrz.info\/?page_id=295"},"modified":"2022-04-22T13:58:38","modified_gmt":"2022-04-22T13:58:38","slug":"2-dlaczego-kiekrz","status":"publish","type":"page","link":"https:\/\/www.kiekrz.info\/?page_id=295","title":{"rendered":"2. Dlaczego &#8222;Kiekrz&#8221;?"},"content":{"rendered":"<p align=\"justify\">Zar\u00f3wno pocz\u0105tki miejscowo\u015bci jak i jej nazwa spowite s\u0105 bardzo ciemn\u0105 kotar\u0105. Przyrodnicy, zw\u0142aszcza ornitolodzy, twierdz\u0105, \u017ce nazwa mo\u017ce wywodzi\u0107 si\u0119 od g\u0142os\u00f3w ptak\u00f3w wodnych, w\u015br\u00f3d kt\u00f3rych g\u0142osy ich cz\u0119\u015bci mo\u017cna odda\u0107 takimi zg\u0142oskami jak: <em>kecz, ker, kek, kersz, kher, kie\u0107, kier <\/em>czy <em>kacz<\/em>.<\/p>\n\n\n<p><strong>\u015aredniowiecze<\/strong><\/p>\n\n\n<p align=\"justify\">Przypuszczalnie przez t\u0119 miejscowo\u015b\u0107 (w\u00f3wczas wie\u015b), lub le\u017c\u0105ce w jej pobli\u017cu miejscowo\u015bci, w 1157 r. przechodzi\u0142 ksi\u0105\u017c\u0119 Boles\u0142aw K\u0119dzierzawy do odleg\u0142ego o 9 km Krzyszkowa, aby z\u0142o\u017cy\u0107 ho\u0142d cesarzowi Fryderykowi Barbarossie. Droga handlowa z Poznania na zach\u00f3d wiod\u0142a wtedy po zachodniej stronie Wielkiego Jeziora Kierskiego, jednak nie jest wykluczone, \u017ce ksi\u0105\u017c\u0119 ten ze swym orszakiem, je\u017celi tylko szed\u0142 ze swego grodu, to wybra\u0142 drog\u0119 przez Kiekrz i Rokietnic\u0119 do wspomnianego Krzyszkowa.<\/p>\n\n<p align=\"justify\">Prawdopodobnie, \u017ce na prze\u0142omie XII i XIII w. ksi\u0105\u017c\u0119ta wielkopolscy nadali Kiekrz rycerskiej rodzinie Na\u0142\u0119cz\u00f3w w dow\u00f3d uznania jej zas\u0142ug dla dobra rozbitego kraju. W drugiej po\u0142owie czternastego stulecia, opr\u00f3cz tej rodziny, z kt\u00f3rej wywodzili si\u0119 Grocho\u0142a, kasztelan santocki oraz Dobrogost, mieszkali tutaj te\u017c \u0141odziowie oraz Lubowie (Lubiczowie).<\/p>\n\n<p align=\"justify\">Po raz pierwszy miejscowo\u015b\u0107 t\u0119 zapisano w 1386 r. Wtedy nazywwa\u0142a si\u0119 Kerz. Dopiero w 1524 r. Kiekrz mia\u0142 dzisiejsz\u0105 nazw\u0119. W mi\u0119dzyczasie nazywano go nast\u0119puj\u0105co: <em>Kekrz<\/em> (w 1391, 1400, 1454 r.), <em>Kecrze<\/em> (1392 r.), <em>Kekers<\/em> (1392, 1397 r.), <em>Kekrsz<\/em> (1395 r.), <em>Kerz<\/em> (1400 r.), <em>Keckrze<\/em> (1392 r.), <em>Kekrs<\/em> (1422 r.), <em>Kyekrz<\/em> (1431 r.), <em>Kekrzs<\/em> (1432 r.), <em>Kyekrzs<\/em> (1433 r.), <em>Kyekzye<\/em> (1434 r.), <em>Kyeczr<\/em> (1475 r.), <em>Kyersch<\/em> (1520 r.).<\/p>\n\n<p align=\"justify\">Wiadomo, \u017ce wie\u015b ta b\u0119d\u0105ca w\u0142asno\u015bci\u0105 szlachty, znana w 1391 r. z licznych zadrzewie\u0144 (gaj\u00f3w), nale\u017ca\u0142a przez ca\u0142y czas do powiatu pozna\u0144skiego. Z jej mieszka\u0144c\u00f3w opr\u00f3cz krawca Szymona (1445 r.) znany jest te\u017c Wojciech, kt\u00f3ry w 1431 r. figuruje w\u015br\u00f3d student\u00f3w Akademii Krakowskiej, gdzie sze\u015b\u0107 lat p\u00f3\u017aniej zdoby\u0142 stopie\u0144 baka\u0142arza; a tak\u017ce Jakub, kt\u00f3ry w bitwie z Zakonem Krzy\u017cackim pod Chojnicami w 1454 r. dosta\u0142 si\u0119 do niewoli.<\/p>\n<p align=\"justify\"><strong>Okoliczne miejscowo\u015bci powi\u0105zane z Kiekrzem<\/strong><\/p>\n\n<p align=\"justify\">Z Kiekrzem, dzi\u0119ki temu, \u017ce istnia\u0142a tutaj \u015bwi\u0105tynia chrze\u015bcija\u0144ska, by\u0142y zwi\u0105zane wszystkie miejscowo\u015bci znajduj\u0105ce si\u0119 wok\u00f3\u0142 Jeziora Kierskiego, tak\u017ce le\u017c\u0105ce nie tylko w najbli\u017cszej od niego odleg\u0142o\u015bci. Do najstarszej z nich, po\u0142o\u017conej przy jeziorze, nale\u017cy Wielkie, z dokument\u00f3w znane ju\u017c na pocz\u0105tku XIII w. , zwane w\u00f3wczas <em>Wielike<\/em>. Miejscowo\u015b\u0107 t\u0119 30.11.1218 r. biskup pozna\u0144ski Pawe\u0142 przekaza\u0142 joanitom.<\/p>\n\n<p align=\"justify\">Najstarsz\u0105 w okolicy miejscowo\u015bci\u0105 jest Lusowo, znajduj\u0105ce si\u0119 ok. 7 km od Kiekrza na po\u0142udniowy-zach\u00f3d. Ok. 1145 r. Mieszko Stary przekaza\u0142 je kapitule pozna\u0144skiej. W nast\u0119pnych stuleciach bp Jan II Na\u0142\u0119cz w dniu 15.07.1288 r. erygowa\u0142 tutaj ko\u015bci\u00f3\u0142 parafialny. Wtedy to znane ju\u017c by\u0142y okoliczne miejscowo\u015bci: Lusowiec (dzisiejsze Lus\u00f3wko), Kobylniki, Sady, Swancino (dzi\u015b Swadzim), Sieros\u0142aw i obydwa Tarnowa (w tym Podg\u00f3rne).<\/p>\n\n<p align=\"justify\">W 1360 r. istnia\u0142o ju\u017c Baranowo. By\u0142o w\u00f3wczas w\u0142asno\u015bci\u0105 joanit\u00f3w z komandorii pozna\u0144skiej. Po\u0142o\u017cona nad Jeziorem Kierskim osada ta mia\u0142a w\u00f3wczas so\u0142tysa Godzis\u0142awa, a do miejscowo\u015bci so\u0142ectwa nale\u017ca\u0142y trzy \u0142any wolne z karczm\u0105 wraz z pobliskim ostrowem przy jeziorze, na kt\u00f3rym znajdowa\u0142 si\u0119 m\u0142yn.<\/p>\n\n<p align=\"justify\">W 1386 r. w dokumentach pojawiaj\u0105 si\u0119 Z\u0142otniki, rok p\u00f3\u017aniej Starzyny, w 1388 r. Chyby, Krzy\u017cowniki, i Strzeszynek oraz w 1391 r. Psarskie.<\/p>\n\n<p align=\"justify\">W 1481 r. znany jest naro\u017cny kopiec b\u0119d\u0105cy granic\u0105 pomi\u0119dzy Kiekrzem, Psarskiem i Z\u0142otnikami. Kopiec ten usytuowany przy drodze biegn\u0105cej &#8222;U Krzy\u017ca&#8221;.<\/p>\n\n<p align=\"justify\">Zatem prawie wszystkie ze wsp\u00f3\u0142czesnych miejscowo\u015bci, opr\u00f3cz Ma\u0142ego i Rogier\u00f3wka, po\u0142o\u017conych niedaleko Kiekrza, by\u0142y ju\u017c znane przed ko\u0144cem XIV w.<\/p>\n<p align=\"justify\">Za: E. Nawrot (2000)<\/p>","protected":false},"excerpt":{"rendered":"<p>Zar\u00f3wno pocz\u0105tki miejscowo\u015bci jak i jej nazwa spowite s\u0105 bardzo ciemn\u0105 kotar\u0105. Przyrodnicy, zw\u0142aszcza ornitolodzy, twierdz\u0105, \u017ce nazwa mo\u017ce wywodzi\u0107 si\u0119 od g\u0142os\u00f3w ptak\u00f3w wodnych, w\u015br\u00f3d kt\u00f3rych g\u0142osy ich cz\u0119\u015bci mo\u017cna odda\u0107 takimi zg\u0142oskami jak: kecz, ker, kek, kersz, kher, kie\u0107, kier czy kacz. \u015aredniowiecze Przypuszczalnie przez t\u0119 miejscowo\u015b\u0107 (w\u00f3wczas wie\u015b), lub le\u017c\u0105ce w jej &hellip; <\/p>\n<p class=\"link-more\"><a href=\"https:\/\/www.kiekrz.info\/?page_id=295\" class=\"more-link\">Czytaj dalej<span class=\"screen-reader-text\"> \u201e2. Dlaczego &#8222;Kiekrz&#8221;?\u201d<\/span><\/a><\/p>\n","protected":false},"author":1,"featured_media":0,"parent":0,"menu_order":0,"comment_status":"closed","ping_status":"closed","template":"","meta":{"footnotes":""},"class_list":["post-295","page","type-page","status-publish","hentry"],"_links":{"self":[{"href":"https:\/\/www.kiekrz.info\/index.php?rest_route=\/wp\/v2\/pages\/295","targetHints":{"allow":["GET"]}}],"collection":[{"href":"https:\/\/www.kiekrz.info\/index.php?rest_route=\/wp\/v2\/pages"}],"about":[{"href":"https:\/\/www.kiekrz.info\/index.php?rest_route=\/wp\/v2\/types\/page"}],"author":[{"embeddable":true,"href":"https:\/\/www.kiekrz.info\/index.php?rest_route=\/wp\/v2\/users\/1"}],"replies":[{"embeddable":true,"href":"https:\/\/www.kiekrz.info\/index.php?rest_route=%2Fwp%2Fv2%2Fcomments&post=295"}],"version-history":[{"count":13,"href":"https:\/\/www.kiekrz.info\/index.php?rest_route=\/wp\/v2\/pages\/295\/revisions"}],"predecessor-version":[{"id":311,"href":"https:\/\/www.kiekrz.info\/index.php?rest_route=\/wp\/v2\/pages\/295\/revisions\/311"}],"wp:attachment":[{"href":"https:\/\/www.kiekrz.info\/index.php?rest_route=%2Fwp%2Fv2%2Fmedia&parent=295"}],"curies":[{"name":"wp","href":"https:\/\/api.w.org\/{rel}","templated":true}]}}