{"id":390,"date":"2022-04-27T07:41:30","date_gmt":"2022-04-27T07:41:30","guid":{"rendered":"https:\/\/www.kiekrz.info\/?page_id=390"},"modified":"2022-04-27T08:43:13","modified_gmt":"2022-04-27T08:43:13","slug":"legendy-podania-ludowe","status":"publish","type":"page","link":"https:\/\/www.kiekrz.info\/?page_id=390","title":{"rendered":"Legendy \/ podania ludowe"},"content":{"rendered":"<p align=\"justify\">W XIX stuleciu znane by\u0142y miejscowe legendy. W podaniach ludowych najpopularniejsza by\u0142a o nieszcz\u0119\u015bliwych zakochanych &#8211; ch\u0142opaku Bergu i dziewczynie Idzie, kt\u00f3rej rodzice nie pozwalali na ma\u0142\u017ce\u0144stwo z nim. Wed\u0142ug tej legendy w nieistniej\u0105cym ju\u017c lasku (obecnie biegnie tam ul. Altanowa) Ida, pozbawiona nadziei na \u015blub, zosta\u0142a uduszona przez Berga zrozpaczonego w tej bolesnej dla niego sytuacji, kt\u00f3ry nast\u0119pnie w szale\u0144stwie sam si\u0119 powiesi\u0142. Na resztki tego lasku po dzie\u0144 dzisiejszy m\u00f3wi si\u0119 <em>Idaberg<\/em>.<\/p>\n<p align=\"justify\">Znana te\u017c wtedy by\u0142a legenda o &#8222;ta\u0144cz\u0105cej dziewczynie&#8221;, kt\u00f3ra swego czasu w niedziel\u0119 pra\u0142a bielizn\u0119 i na wezwanie ludzi nie posz\u0142a z nimi do ko\u015bcio\u0142a, lecz dalej wykonywa\u0142a swe zaj\u0119cie. Po sko\u0144czeniu pracy nie uda\u0142a si\u0119 jednak do ko\u015bcio\u0142a, tylko na te\u0144ce. W nast\u0119pstwie swego post\u0119powania za kar\u0119 musi ci\u0105gle ta\u0144czy\u0107.<\/p>\n<p align=\"justify\">Inna legenda opiewa\u0142a &#8222;pokutuj\u0105cych \u017co\u0142nierzy w Krzy\u017cownikach&#8221;. Przy drodze biegn\u0105cej z Poznania w miejscowo\u015bci tej cz\u0119sto o p\u00f3\u0142nocy by\u0142o s\u0142ycha\u0107 przemarsz wojska wymordowanego w 1848 r. przez powsta\u0144c\u00f3w (odg\u0142osy werbli i wydawanie komend). W tym czasie ich dusze kusi\u0142y przy ulicy Bukowskiej w tej miejscowo\u015bci. Powsta\u0144cy ci, z pewno\u015bci\u0105 byli Polakami i to o nich lud w czasie pruskiej niewoli opowiada\u0142 w tej legendzie, budz\u0105c ducha narodowego.<\/p>\n<p align=\"justify\">Nowsz\u0105 legend\u0105, t\u0142umacz\u0105c\u0105 m.in. nasadzenia wierzb znajduj\u0105cych si\u0119 wzd\u0142u\u017c ulicy Pozna\u0144skiej biegn\u0105cej na Starzyny jest legenda o &#8222;Rokicie&#8221;. Przed wiekami na miejscu wsi Rokietnica rozpo\u015bciera\u0142y si\u0119 tylko \u0142\u0105ki, bagna i moczary. Nad poblisk\u0105 rzeczk\u0105 (prawdopodobnie chodzi o Samic\u0119 &#8211; przyp.) ros\u0142o kilka starych wierzb, zwanych rokitami. W jednej z takich wierzb, a konkretnie w dziupli, zamieszka\u0142 diabe\u0142 Rokita. Troch\u0119 psoci\u0142, ale raczej ludziom w drog\u0119 nie wchodzi\u0142. A\u017c do momentu, gdy pojawi\u0142 si\u0119 pewien cz\u0142owiek z siekier\u0105 w r\u0119ce i zacz\u0105\u0142 niszczy\u0107 jego dom. Diabe\u0142 wyskoczy\u0142 w\u00f3wczas z dziupli i zagrozi\u0142 oprawcy, \u017ce zabierze go do piek\u0142a. Ten o ma\u0142o nie dosta\u0142 zawa\u0142u i z p\u0142aczem zacz\u0105\u0142 prosi\u0107 o lito\u015b\u0107. Rokita nie by\u0142 m\u015bciwy. Odpu\u015bci\u0142 biedakowi. Nakaza\u0142 przy tym jednak, by ka\u017cdej wiosny &#8222;sadzi\u0142 wierzby przy drogach, na miedzach, na brzegu rzeczki i w podmok\u0142ych miejscach&#8221;. Winowajca wystraszy\u0142 si\u0119 nie na \u017carty i do ko\u0144ca \u017cycia swoje zadanie sumiennie wykonywa\u0142. Na staro\u015b\u0107 w\u015br\u00f3d \u0142\u0105k wybudowa\u0142 te\u017c dom, a \u017ce dzi\u0119ki drzewom okolica zrobi\u0142a si\u0119 wyj\u0105tkowo malownicza, to kolejnych domostw przybywa\u0142o. Z powodu du\u017cej ilo\u015bci wierzb wie\u015b t\u0119 nazwano Rokitnic\u0105. Nazwa ta przetrwa\u0142a na pewno do XVI w. W p\u00f3\u017aniejszych latach nazwa uleg\u0142a zmianie na Rokietnic\u0119.<\/p>\n<p align=\"justify\">Za: E. Nawrot (2000); &#8222;Przewodnik Niedzielnego Pogromcy Duch\u00f3w&#8230;&#8221; &#8211; powiat pozna\u0144ski; red. W. Peisert<\/p>\n","protected":false},"excerpt":{"rendered":"<p>W XIX stuleciu znane by\u0142y miejscowe legendy. W podaniach ludowych najpopularniejsza by\u0142a o nieszcz\u0119\u015bliwych zakochanych &#8211; ch\u0142opaku Bergu i dziewczynie Idzie, kt\u00f3rej rodzice nie pozwalali na ma\u0142\u017ce\u0144stwo z nim. Wed\u0142ug tej legendy w nieistniej\u0105cym ju\u017c lasku (obecnie biegnie tam ul. Altanowa) Ida, pozbawiona nadziei na \u015blub, zosta\u0142a uduszona przez Berga zrozpaczonego w tej bolesnej dla &hellip; <\/p>\n<p class=\"link-more\"><a href=\"https:\/\/www.kiekrz.info\/?page_id=390\" class=\"more-link\">Czytaj dalej<span class=\"screen-reader-text\"> \u201eLegendy \/ podania ludowe\u201d<\/span><\/a><\/p>\n","protected":false},"author":1,"featured_media":0,"parent":0,"menu_order":0,"comment_status":"closed","ping_status":"closed","template":"","meta":{"footnotes":""},"class_list":["post-390","page","type-page","status-publish","hentry"],"_links":{"self":[{"href":"https:\/\/www.kiekrz.info\/index.php?rest_route=\/wp\/v2\/pages\/390","targetHints":{"allow":["GET"]}}],"collection":[{"href":"https:\/\/www.kiekrz.info\/index.php?rest_route=\/wp\/v2\/pages"}],"about":[{"href":"https:\/\/www.kiekrz.info\/index.php?rest_route=\/wp\/v2\/types\/page"}],"author":[{"embeddable":true,"href":"https:\/\/www.kiekrz.info\/index.php?rest_route=\/wp\/v2\/users\/1"}],"replies":[{"embeddable":true,"href":"https:\/\/www.kiekrz.info\/index.php?rest_route=%2Fwp%2Fv2%2Fcomments&post=390"}],"version-history":[{"count":11,"href":"https:\/\/www.kiekrz.info\/index.php?rest_route=\/wp\/v2\/pages\/390\/revisions"}],"predecessor-version":[{"id":403,"href":"https:\/\/www.kiekrz.info\/index.php?rest_route=\/wp\/v2\/pages\/390\/revisions\/403"}],"wp:attachment":[{"href":"https:\/\/www.kiekrz.info\/index.php?rest_route=%2Fwp%2Fv2%2Fmedia&parent=390"}],"curies":[{"name":"wp","href":"https:\/\/api.w.org\/{rel}","templated":true}]}}