{"id":409,"date":"2022-05-19T08:28:22","date_gmt":"2022-05-19T08:28:22","guid":{"rendered":"https:\/\/www.kiekrz.info\/?page_id=409"},"modified":"2022-05-24T08:00:55","modified_gmt":"2022-05-24T08:00:55","slug":"wokol-jeziora-kierskiego","status":"publish","type":"page","link":"https:\/\/www.kiekrz.info\/?page_id=409","title":{"rendered":"Wok\u00f3\u0142 Jeziora Kierskiego"},"content":{"rendered":"<p align=\"justify\"><img loading=\"lazy\" decoding=\"async\" class=\"alignleft wp-image-408 size-thumbnail\" src=\"https:\/\/www.kiekrz.info\/wp-content\/uploads\/2022\/05\/trasa_wokol_jeziora-150x150.jpg\" alt=\"\" width=\"150\" height=\"150\" srcset=\"https:\/\/www.kiekrz.info\/wp-content\/uploads\/2022\/05\/trasa_wokol_jeziora-150x150.jpg 150w, https:\/\/www.kiekrz.info\/wp-content\/uploads\/2022\/05\/trasa_wokol_jeziora-100x100.jpg 100w\" sizes=\"auto, (max-width: 150px) 100vw, 150px\" \/>Tras\u0119 wok\u00f3\u0142 Jeziora Kierskiego mo\u017cna \u0142atwo pokona\u0107 zar\u00f3wno pieszo jak i na rowerze. Powolne przej\u015bcie zajmie kilka godzin, natomiast czas przejazdu rowerem zale\u017cny jest od Waszej kondycji jak i ilo\u015bci przystank\u00f3w.<\/p>\n<p align=\"justify\">Przystanki na trasie b\u0119d\u0105 do\u015b\u0107 liczne. Zachwyca\u0107 si\u0119 b\u0119dziemy pi\u0119knem widok\u00f3w, przyjeziornej przyrody oraz pi\u0119knem ukszta\u0142towania terenu.<\/p>\n<p align=\"justify\">Przy trasie znajdziemy sklepy, punkty gastronomiczne.<\/p>\n<p align=\"justify\">Tras\u0119 wyznaczyli\u015bmy sami, r\u00f3wnie\u017c sami j\u0105 przeszli\u015bmy, w zwi\u0105zku z czym mo\u017cemy j\u0105 Wam poleci\u0107. \ud83d\ude42<\/p>\n<p align=\"justify\">D\u0142ugo\u015b\u0107 trasy: ok. 13 km<\/p>\n<p align=\"justify\">Typ trasy: rowerowo &#8211; piesza<\/p>\n<p align=\"justify\">Poziom trudno\u015bci: \u0142atwa<\/p>\n<p align=\"justify\">Start \/ Meta: przed schodami ko\u015bcio\u0142a w Kiekrzu<\/p>\n\n\n<p><a rel=\"noreferrer noopener\" href=\"https:\/\/www.traseo.pl\/trasa\/wokol-jeziora-kierskiego\" target=\"_blank\">Link do trasy &#8222;Wok\u00f3\u0142 Jeziora Kierskiego&#8221;.<\/a><\/p>\n\n\n<p style=\"text-align: center;\"><iframe loading=\"lazy\" style=\"border: 1px solid #000;\" src=\"https:\/\/www.traseo.pl\/mapa\/248796\/m\/0\/hd\/1\/cd\/1\/\" width=\"600\" height=\"400\" frameborder=\"0\"><\/iframe><\/p>\n<div style=\"padding: 5px 0; width: 600px;\"><a style=\"font-size: 11px; color: #888; opacity: 0.7;\" href=\"https:\/\/www.traseo.pl\/trasa\/wokol-jeziora-kierskiego\">Zobacz tras\u0119 w Traseo<\/a><\/div>\n\n\n<p><\/p>\n","protected":false},"excerpt":{"rendered":"<p>Tras\u0119 wok\u00f3\u0142 Jeziora Kierskiego mo\u017cna \u0142atwo pokona\u0107 zar\u00f3wno pieszo jak i na rowerze. Powolne przej\u015bcie zajmie kilka godzin, natomiast czas przejazdu rowerem zale\u017cny jest od Waszej kondycji jak i ilo\u015bci przystank\u00f3w. Przystanki na trasie b\u0119d\u0105 do\u015b\u0107 liczne. Zachwyca\u0107 si\u0119 b\u0119dziemy pi\u0119knem widok\u00f3w, przyjeziornej przyrody oraz pi\u0119knem ukszta\u0142towania terenu. Przy trasie znajdziemy sklepy, punkty gastronomiczne. Tras\u0119 &hellip; <\/p>\n<p class=\"link-more\"><a href=\"https:\/\/www.kiekrz.info\/?page_id=409\" class=\"more-link\">Czytaj dalej<span class=\"screen-reader-text\"> \u201eWok\u00f3\u0142 Jeziora Kierskiego\u201d<\/span><\/a><\/p>\n","protected":false},"author":1,"featured_media":0,"parent":0,"menu_order":0,"comment_status":"closed","ping_status":"closed","template":"","meta":{"footnotes":""},"class_list":["post-409","page","type-page","status-publish","hentry"],"_links":{"self":[{"href":"https:\/\/www.kiekrz.info\/index.php?rest_route=\/wp\/v2\/pages\/409","targetHints":{"allow":["GET"]}}],"collection":[{"href":"https:\/\/www.kiekrz.info\/index.php?rest_route=\/wp\/v2\/pages"}],"about":[{"href":"https:\/\/www.kiekrz.info\/index.php?rest_route=\/wp\/v2\/types\/page"}],"author":[{"embeddable":true,"href":"https:\/\/www.kiekrz.info\/index.php?rest_route=\/wp\/v2\/users\/1"}],"replies":[{"embeddable":true,"href":"https:\/\/www.kiekrz.info\/index.php?rest_route=%2Fwp%2Fv2%2Fcomments&post=409"}],"version-history":[{"count":11,"href":"https:\/\/www.kiekrz.info\/index.php?rest_route=\/wp\/v2\/pages\/409\/revisions"}],"predecessor-version":[{"id":431,"href":"https:\/\/www.kiekrz.info\/index.php?rest_route=\/wp\/v2\/pages\/409\/revisions\/431"}],"wp:attachment":[{"href":"https:\/\/www.kiekrz.info\/index.php?rest_route=%2Fwp%2Fv2%2Fmedia&parent=409"}],"curies":[{"name":"wp","href":"https:\/\/api.w.org\/{rel}","templated":true}]}}