{"id":433,"date":"2022-06-08T08:36:17","date_gmt":"2022-06-08T08:36:17","guid":{"rendered":"https:\/\/www.kiekrz.info\/?page_id=433"},"modified":"2022-06-08T08:46:55","modified_gmt":"2022-06-08T08:46:55","slug":"szlakiem-klubow-i-klasztoru","status":"publish","type":"page","link":"https:\/\/www.kiekrz.info\/?page_id=433","title":{"rendered":"Szlakiem klub\u00f3w, wiatraka i klasztoru"},"content":{"rendered":"<p align=\"justify\"><img loading=\"lazy\" decoding=\"async\" class=\"alignleft wp-image-432 size-thumbnail\" src=\"https:\/\/www.kiekrz.info\/wp-content\/uploads\/2022\/06\/trasa_szlakiem_wiatraka_klasztoru-150x150.jpg\" alt=\"\" width=\"150\" height=\"150\" srcset=\"https:\/\/www.kiekrz.info\/wp-content\/uploads\/2022\/06\/trasa_szlakiem_wiatraka_klasztoru-150x150.jpg 150w, https:\/\/www.kiekrz.info\/wp-content\/uploads\/2022\/06\/trasa_szlakiem_wiatraka_klasztoru-100x100.jpg 100w\" sizes=\"auto, (max-width: 150px) 100vw, 150px\" \/>Trasa szlakiem klub\u00f3w \u017ceglarskich, wiatraka i klasztoru jest tras\u0105 \u0142atw\u0105 do pokonania pieszo. Pewne trudno\u015bci (szczeg\u00f3lnie dla os\u00f3b starszych) mo\u017ce spowodowa\u0107 pokonywanie tej trasy rowerem. Jest to zwi\u0105zane z potrzeb\u0105 kilkukrotnego pokonywania niema\u0142ych wzniesie\u0144. Wszak Kiekrz (a przynajmniej jego p\u00f3\u0142nocna cz\u0119\u015b\u0107) le\u017cy na przebiegu Wzg\u00f3rz Owi\u0144sko &#8211; Kierskich. Powolne przej\u015bcie zajmie kilka godzin, natomiast czas przejazdu rowerem zale\u017cny jest od Waszej kondycji jak i ilo\u015bci przystank\u00f3w.<\/p>\n<p align=\"justify\">Przystanki zwi\u0105zane b\u0119d\u0105 z podziwianiem panoramy roztaczaj\u0105cej si\u0119 na Jezioro Kierskie, jak r\u00f3wnie\u017c z mo\u017cliwo\u015bci\u0105 zwiedzania starego wiatraka czy zabudowa\u0144 czy przyklasztornego parku.<\/p>\n\n\n<p>Przy trasie znajdziemy sklepy, punkty gastronomiczne.<\/p>\n\n\n<p align=\"justify\">Tras\u0119 wyznaczyli\u015bmy sami, r\u00f3wnie\u017c sami j\u0105 przeszli\u015bmy, w zwi\u0105zku z czym mo\u017cemy j\u0105 Wam poleci\u0107. \ud83d\ude42<\/p>\n\n\n<p>D\u0142ugo\u015b\u0107 trasy: ok. 9,5 km<\/p>\n\n\n\n<p>Typ trasy: rowerowo &#8211; piesza<\/p>\n\n\n\n<p>Poziom trudno\u015bci: \u015bredni<\/p>\n\n\n\n<p>Start \/ Meta: np. przy schodach szko\u0142y w Kiekrzu<\/p>\n\n\n\n<p><a href=\"https:\/\/www.traseo.pl\/trasa\/kiekrz-sladem-klubow-zeglarskich-wiatraka-i-klasztoru\" target=\"_blank\" rel=\"noreferrer noopener\">Link do trasy &#8222;Szlakiem klub\u00f3w \u017ceglarskich, wiatraka i klasztoru&#8221;.<\/a><\/p>\n\n\n\n<p><iframe loading=\"lazy\" width=\"600\" height=\"400\" src=\"https:\/\/www.traseo.pl\/mapa\/249847\/m\/0\/hd\/1\/cd\/1\/\" frameborder=\"0\" style=\"border:1px solid #000;\"><\/iframe><div style=\"padding:5px 0;width:600px\"><a style=\"font-size:11px;color:#888;opacity:0.7;\" href=\"https:\/\/www.traseo.pl\/trasa\/kiekrz-sladem-klubow-zeglarskich-wiatraka-i-klasztoru\">Zobacz tras\u0119 w Traseo<\/a><\/div><\/p>\n","protected":false},"excerpt":{"rendered":"<p>Trasa szlakiem klub\u00f3w \u017ceglarskich, wiatraka i klasztoru jest tras\u0105 \u0142atw\u0105 do pokonania pieszo. Pewne trudno\u015bci (szczeg\u00f3lnie dla os\u00f3b starszych) mo\u017ce spowodowa\u0107 pokonywanie tej trasy rowerem. Jest to zwi\u0105zane z potrzeb\u0105 kilkukrotnego pokonywania niema\u0142ych wzniesie\u0144. Wszak Kiekrz (a przynajmniej jego p\u00f3\u0142nocna cz\u0119\u015b\u0107) le\u017cy na przebiegu Wzg\u00f3rz Owi\u0144sko &#8211; Kierskich. Powolne przej\u015bcie zajmie kilka godzin, natomiast czas &hellip; <\/p>\n<p class=\"link-more\"><a href=\"https:\/\/www.kiekrz.info\/?page_id=433\" class=\"more-link\">Czytaj dalej<span class=\"screen-reader-text\"> \u201eSzlakiem klub\u00f3w, wiatraka i klasztoru\u201d<\/span><\/a><\/p>\n","protected":false},"author":1,"featured_media":0,"parent":0,"menu_order":0,"comment_status":"closed","ping_status":"closed","template":"","meta":{"footnotes":""},"class_list":["post-433","page","type-page","status-publish","hentry"],"_links":{"self":[{"href":"https:\/\/www.kiekrz.info\/index.php?rest_route=\/wp\/v2\/pages\/433","targetHints":{"allow":["GET"]}}],"collection":[{"href":"https:\/\/www.kiekrz.info\/index.php?rest_route=\/wp\/v2\/pages"}],"about":[{"href":"https:\/\/www.kiekrz.info\/index.php?rest_route=\/wp\/v2\/types\/page"}],"author":[{"embeddable":true,"href":"https:\/\/www.kiekrz.info\/index.php?rest_route=\/wp\/v2\/users\/1"}],"replies":[{"embeddable":true,"href":"https:\/\/www.kiekrz.info\/index.php?rest_route=%2Fwp%2Fv2%2Fcomments&post=433"}],"version-history":[{"count":10,"href":"https:\/\/www.kiekrz.info\/index.php?rest_route=\/wp\/v2\/pages\/433\/revisions"}],"predecessor-version":[{"id":445,"href":"https:\/\/www.kiekrz.info\/index.php?rest_route=\/wp\/v2\/pages\/433\/revisions\/445"}],"wp:attachment":[{"href":"https:\/\/www.kiekrz.info\/index.php?rest_route=%2Fwp%2Fv2%2Fmedia&parent=433"}],"curies":[{"name":"wp","href":"https:\/\/api.w.org\/{rel}","templated":true}]}}