{"id":455,"date":"2022-09-05T09:11:52","date_gmt":"2022-09-05T09:11:52","guid":{"rendered":"https:\/\/www.kiekrz.info\/?page_id=455"},"modified":"2025-12-16T10:47:28","modified_gmt":"2025-12-16T10:47:28","slug":"dojazd-do-kiekrza","status":"publish","type":"page","link":"https:\/\/www.kiekrz.info\/?page_id=455","title":{"rendered":"Jak dojecha\u0107 do Kiekrza?"},"content":{"rendered":"<p align=\"justify\">Z Poznania do Kiekrza mo\u017cna dojecha\u0107 na kilka szybkich i komfortowych sposob\u00f3w w r\u00f3\u017cnych porach dnia i nocy.<\/p>\n\n\n<p><strong>Autobus<\/strong> Miejskiego Przedsi\u0119biorstwa Komunikacji:<\/p>\n\n\n<p align=\"justify\">Linie autobusowe (dzienne) jad\u0105ce z p\u0119tli Pozna\u0144 &#8211; Ogrody: 186, 835, 837<\/p>\n<p align=\"justify\">Linie autobusowe (nocne) jad\u0105ce z Pozna\u0144 Rondo Kaponiera &#8211; Ogrody &#8211; Kiekrz: 219<\/p>\n\n\n<p>Zobacz schemat sieci autobusowej (dziennej) &#8211; <strong><a rel=\"noreferrer noopener\" href=\"https:\/\/ztm.poznan.pl\/assets\/Uploads\/2023.09.01MapaBUSTRAM.pdf\" target=\"_blank\">kliknij tutaj<\/a><\/strong><\/p>\n\n\n\n<p>Zobacz schemat sieci autobusowej (nocnej) &#8211; <a href=\"https:\/\/www.ztm.poznan.pl\/wp-content\/uploads\/2025\/11\/2025.11.19MapaNOC.pdf\"><strong>kliknij tutaj<\/strong><\/a><\/p>\n\n\n<p align=\"justify\"><strong>Poci\u0105giem<\/strong> ze stacji Pozna\u0144 G\u0142\u00f3wny lub Pozna\u0144 Wola &#8211; kilka po\u0142\u0105cze\u0144 dziennie realizowanych najcz\u0119\u015bciej przez sp\u00f3\u0142k\u0119 Polregio. Czas podr\u00f3\u017cy ze stacji Pozna\u0144 G\u0142\u00f3wny &#8211; Kiekrz to oko\u0142o 11 min.<\/p>\n<p align=\"justify\">Podr\u00f3\u017cowanie zar\u00f3wno komunikacj\u0105 autobusow\u0105 jak i kolej\u0105 mo\u017cliwe jest w ramach posiadanego biletu okresowego (karta PEKA &#8211; Pozna\u0144ska Elektroniczna Karta Aglomeracyjna). Karta PEKA umo\u017cliwia podr\u00f3\u017cowanie w postaci p\u0142atno\u015bci za ilo\u015b\u0107 przejechanych przystank\u00f3w, jak i umo\u017cliwia zakup bilet\u00f3w d\u0142ugookresowych. Chc\u0105c dojecha\u0107 do Kiekrza autobusem lub poci\u0105giem (w ramach karty PEKA) musimy posiada\u0107 bilet okresowy na stref\u0119 &#8222;A&#8221;. <span style=\"text-decoration: underline;\">Przejazdy &#8222;przystankowe&#8221; mo\u017cliwe s\u0105 tylko komunikacj\u0105 autobusow\u0105!<\/span><\/p>\n<p align=\"justify\"><strong>Rowerem<\/strong>. Niestety, brak jest trasy rowerowej, kt\u00f3r\u0105 bezpiecznie mo\u017cna dojecha\u0107 do Kiekrza. Prawdopodobnie w ci\u0105gu najbli\u017cszych lat b\u0119dzie to mo\u017cliwe za spraw\u0105 projektowanej \u015bcie\u017cki rowerowej. W chwili obecnej mo\u017cna jecha\u0107 tras\u0105 rowerow\u0105 przy jez. Rusa\u0142ka, Strzeszynek, nast\u0119pnie przy przeje\u017adzie kolejowym w miejscowo\u015bci Psarskie (wzd\u0142u\u017c tor\u00f3w kolejowych). Finalnie wyje\u017cd\u017camy na skrzy\u017cowaniu ul. Chojnickiej i Nad Jeziorem. Od tego miejsca do centrum Kiekrza dotrzemy chodnikiem (w cz\u0119\u015bci o nawierzchni bitumicznej).<\/p>\n<p align=\"justify\"><strong>Samochodem<\/strong>. Dojazd jest \u0142atwy i komfortowy, nawet w godzinach szczytu wywo\u0142uj\u0105cych bardzo du\u017ce korki w centrum Poznania.<\/p>","protected":false},"excerpt":{"rendered":"<p>Z Poznania do Kiekrza mo\u017cna dojecha\u0107 na kilka szybkich i komfortowych sposob\u00f3w w r\u00f3\u017cnych porach dnia i nocy. Autobus Miejskiego Przedsi\u0119biorstwa Komunikacji: Linie autobusowe (dzienne) jad\u0105ce z p\u0119tli Pozna\u0144 &#8211; Ogrody: 186, 835, 837 Linie autobusowe (nocne) jad\u0105ce z Pozna\u0144 Rondo Kaponiera &#8211; Ogrody &#8211; Kiekrz: 219 Zobacz schemat sieci autobusowej (dziennej) &#8211; kliknij tutaj &hellip; <\/p>\n<p class=\"link-more\"><a href=\"https:\/\/www.kiekrz.info\/?page_id=455\" class=\"more-link\">Czytaj dalej<span class=\"screen-reader-text\"> \u201eJak dojecha\u0107 do Kiekrza?\u201d<\/span><\/a><\/p>\n","protected":false},"author":1,"featured_media":0,"parent":0,"menu_order":0,"comment_status":"closed","ping_status":"closed","template":"","meta":{"footnotes":""},"class_list":["post-455","page","type-page","status-publish","hentry"],"_links":{"self":[{"href":"https:\/\/www.kiekrz.info\/index.php?rest_route=\/wp\/v2\/pages\/455","targetHints":{"allow":["GET"]}}],"collection":[{"href":"https:\/\/www.kiekrz.info\/index.php?rest_route=\/wp\/v2\/pages"}],"about":[{"href":"https:\/\/www.kiekrz.info\/index.php?rest_route=\/wp\/v2\/types\/page"}],"author":[{"embeddable":true,"href":"https:\/\/www.kiekrz.info\/index.php?rest_route=\/wp\/v2\/users\/1"}],"replies":[{"embeddable":true,"href":"https:\/\/www.kiekrz.info\/index.php?rest_route=%2Fwp%2Fv2%2Fcomments&post=455"}],"version-history":[{"count":19,"href":"https:\/\/www.kiekrz.info\/index.php?rest_route=\/wp\/v2\/pages\/455\/revisions"}],"predecessor-version":[{"id":512,"href":"https:\/\/www.kiekrz.info\/index.php?rest_route=\/wp\/v2\/pages\/455\/revisions\/512"}],"wp:attachment":[{"href":"https:\/\/www.kiekrz.info\/index.php?rest_route=%2Fwp%2Fv2%2Fmedia&parent=455"}],"curies":[{"name":"wp","href":"https:\/\/api.w.org\/{rel}","templated":true}]}}