{"id":480,"date":"2022-09-27T12:31:00","date_gmt":"2022-09-27T12:31:00","guid":{"rendered":"https:\/\/www.kiekrz.info\/?page_id=480"},"modified":"2023-09-19T07:59:05","modified_gmt":"2023-09-19T07:59:05","slug":"aktualnosci","status":"publish","type":"page","link":"https:\/\/www.kiekrz.info\/?page_id=480","title":{"rendered":"Aktualno\u015bci"},"content":{"rendered":"\n<p><strong>Kierski Festiwal 2023<\/strong><\/p>\n\n\n<p align=\"justify\">Kolejny rok ko\u0144czymy lato z Kierskim Festiwalem. W 2023 roku widzimy si\u0119 <b>16 i 17 wrze\u015bnia w Stajni Kali\u0144ski<\/b>.<br>Wydarzenie zostanie podzielone na cz\u0119\u015b\u0107 muzyczn\u0105 oraz sportow\u0105. W sobot\u0119 g\u0142\u00f3wn\u0105 atrakcj\u0105 b\u0119d\u0105 liczne koncerty na zlokalizowanej w Stajni Kali\u0144ski specjalnej scenie.<\/p>\n\n<p align=\"justify\">OGROMN\u0104 gwiazd\u0105 tegorocznego Festiwalu b\u0119dzie <strong>Krzysztof Cugowski<\/strong>, kt\u00f3ry w 2020 r. obchodzi\u0142 swoje 70-te urodziny. Jubileusz ten zbieg\u0142 si\u0119 z p\u00f3\u0142wieczem obecno\u015bci Artysty na scenie. Charyzma, niepowtarzalny, znany wszystkim g\u0142os i nieod\u0142\u0105czne ciemne okulary. Krzysztof Cugowski \u2013 prawdziwy gigant polskiej sceny muzycznej, jeden z tych, kt\u00f3rzy stworzyli rocka nad Wis\u0142\u0105, wsp\u00f3\u0142tw\u00f3rca Budki Suflera \u2013 obchodzi sw\u00f3j podw\u00f3jny jubileusz. Z tej okazji Artysta zaprezentowa\u0142 dwup\u0142ytowy album \u201e50\/70. Moje najwa\u017cniejsze\u201d \u2013 muzyczne credo, zbi\u00f3r ulubionych piosenek \u015bpiewanych przez pi\u0119\u0107 dekad muzycznej kariery. Jak sam wspomina: \u201eZ prze\u017cytych 70 lat, 50 sp\u0119dzi\u0142em bli\u017cej lub dalej sceny. Nagra\u0142em kilkadziesi\u0105t p\u0142yt lepszych i gorszych. Gra\u0142em z niezliczon\u0105 rzesz\u0105 muzyk\u00f3w lepszych i gorszych. Ale\u2026 nie \u017ca\u0142uj\u0119 niczego (\u2026). Jestem spe\u0142nionym cz\u0142owiekiem i artyst\u0105\u2026\u201d. Album b\u0119dzie mo\u017cna zakupi\u0107 w ramach aukcji charytatywnej &#8222;Dla Jasia&#8221; (wraz z autografami Krzysztofa oraz cz\u0142onk\u00f3w <strong>Zespo\u0142u Mistrz\u00f3w<\/strong>) oraz po koncercie.<\/p>\n\n<p align=\"justify\"><br>Niedziela natomiast b\u0119dzie nale\u017ca\u0142a do m\u0142odych sportowc\u00f3w, kt\u00f3rzy przedpo\u0142udniem b\u0119d\u0105 rywalizowa\u0107 w zawodach wolty\u017cerki sportowej.<br>Opr\u00f3cz g\u0142\u00f3wnych atrakcji jak co roku wszyscy go\u015bcie festiwalu b\u0119d\u0105 mieli mo\u017cliwo\u015b\u0107 skorzystania z oferty gastronomicznej czy atrakcji towarzysz\u0105cych.<br>WST\u0118P NA WYDARZENIE JEST BEZP\u0141ATNY<\/p>\n\n\n<p>Wi\u0119cej informacji na: https:\/\/www.facebook.com\/kierskifestiwal<\/p>\n\n\n\n<p><\/p>\n\n\n\n<p><strong>Uwaga mieszka\u0144cy ul. Podjazdowej !<\/strong><\/p>\n\n\n<p align=\"justify\">Dok\u0142adnie miesi\u0105c da\u0142 Zarz\u0105d Dr\u00f3g Miejskich wykonawcy prac drogowych w ci\u0105gu ul. Podjazdowej, na rozpocz\u0119cie i zako\u0144czenie prac zwi\u0105zanych z realizacj\u0105 chodnika od skrzy\u017cowania z ul. Chojnick\u0105 do ul. Podjazdowej nr 18.<\/p>\n<p align=\"justify\">Z pozyskanych informacji wynika, \u017ce prace zosta\u0142y rozpocz\u0119te bez kontaktu z w\u0142a\u015bcicielami posesji, kt\u00f3rzy mieli trudno\u015bci zwi\u0105zane po pierwsze z wyjazdem, wjazdem na posesj\u0119, a po drugie zostali zmuszeni do porzucania swoich pojazd\u00f3w z dala od swojego miejsca zamieszkania, bez wskazania takiego miejsca przez ZDM. Nie musimy t\u0142umaczy\u0107, \u017ce w ci\u0105gu ul. Podjazdowej brak jest miejsc postojowych czy parkingowych.<\/p>\n<p align=\"justify\">Prace realizowane s\u0105 na podstawie bli\u017cej nieokre\u015blonego projektu, z kt\u00f3rym mieszka\u0144cy nie mieli mo\u017cliwo\u015bci si\u0119 zapozna\u0107. Projekt rozdziela wjazdy do nieruchomo\u015bci pasami b\u0142ota cz\u0119sto o szeroko\u015bci 0,50 &#8211; 1,00 m. Przedmiotowe mo\u017cna by pokry\u0107 kostk\u0105 celem u\u0142atwienia korzystania z s\u0105siaduj\u0105cych wjazd\u00f3w na nieruchomo\u015bci. Jednak wykonawca w chwili obecnej nie przyjmuje t\u0142umacze\u0144 o bezsensowno\u015bci dzia\u0142ania i realizuje prace zgodnie z projektem.<\/p>\n\n\n<p>Prace maj\u0105 si\u0119 zako\u0144czy\u0107 ekspresowo, tj. do 22 listopada 2022 r.<\/p>\n\n\n<p align=\"justify\">Pierwsze informacje o przekazaniu terenu wykonawcy pojawi\u0142y si\u0119 dnia 7 pa\u017adziernika 2022 r. na stronie ZDM.<\/p>\n\n\n<p>Koszt prac odcinka o d\u0142ugo\u015bci ok. 140 m to ok. 315 tys. z\u0142.<\/p>\n\n\n<p align=\"justify\">Warto nadmieni\u0107, i\u017c CI\u0104GLE realizowane prace w ci\u0105gu m.in. ul. Chojnickiej przebiegaj\u0105 w spos\u00f3b skandaliczny. W pierwszej kolejno\u015bci przez prawie 2 lata kompletnie zdemolowany by\u0142 odcinek przedmiotowej ulicy na odcinku blisko 1,2 km, co niemal do upadku doprowadzi\u0142o lokalny biznes. Po licznych interwencjach i petycjach mieszka\u0144c\u00f3w oraz lokalnego biznesu w pierwszej kolejno\u015bci uzyskano informacj\u0119, \u017ce w chwili obecnej koszty asfaltu s\u0105 zbyt wysokie, aby mo\u017cna by\u0142o doko\u0144czy\u0107 realizacj\u0119 prac. Po kilku miesi\u0105cach pojawi\u0142 si\u0119 pas asfaltu, a nast\u0119pnie kolejny jednak nie na ca\u0142ej d\u0142ugo\u015bci inwestycji. Na zakr\u0119cie pomi\u0119dzy ul. Wilk\u00f3w Morskich a ul. Podjazdow\u0105 pojawi\u0142y si\u0119 wy\u0142omy pod osadzenie studzienek kanalizacyjnych, kt\u00f3re nast\u0119pnie okaza\u0142y si\u0119 by\u0107 zlokalizowane w z\u0142ym miejscu. Dopiero co po\u0142o\u017con\u0105 nawierzchni\u0119 asfaltow\u0105 ZA\u0141ATANO, a nast\u0119pnie wykonano kolejne otwory. Warto wspomnie\u0107, i\u017c od pocz\u0105tku prac ilo\u015b\u0107 sprz\u0119tu i zaanga\u017cowanych ludzi mo\u017cna okre\u015bla\u0107 na warto\u015bci POJEDYNCZE, z uk\u0142adem 8 godzinnego dnia pracy z pomini\u0119ciem weekend\u00f3w, wraz z ca\u0142ymi tygodniami bezczynno\u015bci.<\/p>\n\n\n<p>B\u0119dziemy spieszy\u0107 z kolejnymi informacjami.<\/p>\n\n\n\n<p>Aktualizacja 22.11.2022 &#8211; w dniu dzisiejszym ma doj\u015b\u0107 do odbioru realizowanych prac przez ZDM. W odbiorze maj\u0105 uczestniczy\u0107 Radni os. Kiekrz oraz zainteresowani mieszka\u0144cy.<\/p>\n\n\n\n<p><\/p>\n","protected":false},"excerpt":{"rendered":"<p>Kierski Festiwal 2023 Kolejny rok ko\u0144czymy lato z Kierskim Festiwalem. W 2023 roku widzimy si\u0119 16 i 17 wrze\u015bnia w Stajni Kali\u0144ski.Wydarzenie zostanie podzielone na cz\u0119\u015b\u0107 muzyczn\u0105 oraz sportow\u0105. W sobot\u0119 g\u0142\u00f3wn\u0105 atrakcj\u0105 b\u0119d\u0105 liczne koncerty na zlokalizowanej w Stajni Kali\u0144ski specjalnej scenie. OGROMN\u0104 gwiazd\u0105 tegorocznego Festiwalu b\u0119dzie Krzysztof Cugowski, kt\u00f3ry w 2020 r. obchodzi\u0142 &hellip; <\/p>\n<p class=\"link-more\"><a href=\"https:\/\/www.kiekrz.info\/?page_id=480\" class=\"more-link\">Czytaj dalej<span class=\"screen-reader-text\"> \u201eAktualno\u015bci\u201d<\/span><\/a><\/p>\n","protected":false},"author":1,"featured_media":0,"parent":0,"menu_order":0,"comment_status":"closed","ping_status":"closed","template":"","meta":{"footnotes":""},"class_list":["post-480","page","type-page","status-publish","hentry"],"_links":{"self":[{"href":"https:\/\/www.kiekrz.info\/index.php?rest_route=\/wp\/v2\/pages\/480","targetHints":{"allow":["GET"]}}],"collection":[{"href":"https:\/\/www.kiekrz.info\/index.php?rest_route=\/wp\/v2\/pages"}],"about":[{"href":"https:\/\/www.kiekrz.info\/index.php?rest_route=\/wp\/v2\/types\/page"}],"author":[{"embeddable":true,"href":"https:\/\/www.kiekrz.info\/index.php?rest_route=\/wp\/v2\/users\/1"}],"replies":[{"embeddable":true,"href":"https:\/\/www.kiekrz.info\/index.php?rest_route=%2Fwp%2Fv2%2Fcomments&post=480"}],"version-history":[{"count":17,"href":"https:\/\/www.kiekrz.info\/index.php?rest_route=\/wp\/v2\/pages\/480\/revisions"}],"predecessor-version":[{"id":505,"href":"https:\/\/www.kiekrz.info\/index.php?rest_route=\/wp\/v2\/pages\/480\/revisions\/505"}],"wp:attachment":[{"href":"https:\/\/www.kiekrz.info\/index.php?rest_route=%2Fwp%2Fv2%2Fmedia&parent=480"}],"curies":[{"name":"wp","href":"https:\/\/api.w.org\/{rel}","templated":true}]}}